{"id":421,"date":"2026-01-16T16:54:51","date_gmt":"2026-01-16T15:54:51","guid":{"rendered":"https:\/\/echtroper-sv-1992.de\/?page_id=421"},"modified":"2026-02-22T10:25:42","modified_gmt":"2026-02-22T09:25:42","slug":"termine","status":"publish","type":"page","link":"https:\/\/echtroper-sv-1992.de\/?page_id=421","title":{"rendered":"Termine"},"content":{"rendered":"<p><strong>21.02.2026<\/strong>&nbsp; &nbsp;19:00 Uhr&nbsp; &nbsp; &nbsp; &nbsp; Jahreshauptversammlung im B\u00fcrgertreff Echtrop<\/p>\n<p><strong>07.03.2026<\/strong>&nbsp; &nbsp;ab 17:00 Uhr&nbsp; Damen-Saunatag auf dem Sportplatz Echtrop<\/p>\n<p><strong>11.07.2026<\/strong>&nbsp; &nbsp;ab 10:00 Uhr&nbsp; Kinder-Fu\u00dfballturnier auf dem Sportplatz Echtrop<\/p>\n<p><strong>26.09.2026<\/strong>&nbsp; &nbsp; ab ??? Uhr&nbsp; &nbsp; &nbsp;Familien-Wandertag<\/p>\n<p>&nbsp;<\/p>\n<p>Einen vollst\u00e4ndigen \u00dcberblick \u00fcber alle f\u00fcr die <strong>Echtroper Vereine<\/strong> und die <strong>Dorfgemeinschaft Echtrop<\/strong> interessanten und wichtigen Termine findet ihr in dem <strong>Veranstaltungskalender Echtrop 2026<\/strong> unter folgendem Link:<\/p>\n<p><a href=\"http:\/\/echtroper-sv-1992.de\/wp-content\/uploads\/2026\/02\/Terminplan-Echtrop_2026.pdf\">Terminplan-Echtrop_2026<\/a><\/p>\n<p><strong>Hinweis:<\/strong> F\u00fcr eine optimale Darstellung dieser Formulare ben\u00f6tigt ihr einen PDF-Reader, zum Beispiel den kostenlosen &#8222;Adobe Acrobat Reader&#8220;.<\/p>\n<p>&nbsp;<\/p>\n","protected":false},"excerpt":{"rendered":"<p>21.02.2026&nbsp; &nbsp;19:00 Uhr&nbsp; &nbsp; &nbsp; &nbsp; Jahreshauptversammlung im B\u00fcrgertreff Echtrop 07.03.2026&nbsp; &nbsp;ab 17:00 Uhr&nbsp; Damen-Saunatag auf dem Sportplatz Echtrop 11.07.2026&nbsp; &nbsp;ab 10:00 Uhr&nbsp; Kinder-Fu\u00dfballturnier auf dem Sportplatz Echtrop 26.09.2026&nbsp; &nbsp; ab ??? Uhr&nbsp; &nbsp; &nbsp;Familien-Wandertag &nbsp; Einen vollst\u00e4ndigen \u00dcberblick \u00fcber alle f\u00fcr die Echtroper Vereine und die Dorfgemeinschaft Echtrop interessanten und wichtigen Termine findet ihr &hellip; <a href=\"https:\/\/echtroper-sv-1992.de\/?page_id=421\" class=\"more-link\"><span class=\"screen-reader-text\">Termine<\/span> weiterlesen<\/a><\/p>\n","protected":false},"author":2,"featured_media":0,"parent":0,"menu_order":0,"comment_status":"closed","ping_status":"closed","template":"","meta":{"ngg_post_thumbnail":0,"footnotes":""},"class_list":["post-421","page","type-page","status-publish","hentry"],"_links":{"self":[{"href":"https:\/\/echtroper-sv-1992.de\/index.php?rest_route=\/wp\/v2\/pages\/421","targetHints":{"allow":["GET"]}}],"collection":[{"href":"https:\/\/echtroper-sv-1992.de\/index.php?rest_route=\/wp\/v2\/pages"}],"about":[{"href":"https:\/\/echtroper-sv-1992.de\/index.php?rest_route=\/wp\/v2\/types\/page"}],"author":[{"embeddable":true,"href":"https:\/\/echtroper-sv-1992.de\/index.php?rest_route=\/wp\/v2\/users\/2"}],"replies":[{"embeddable":true,"href":"https:\/\/echtroper-sv-1992.de\/index.php?rest_route=%2Fwp%2Fv2%2Fcomments&post=421"}],"version-history":[{"count":16,"href":"https:\/\/echtroper-sv-1992.de\/index.php?rest_route=\/wp\/v2\/pages\/421\/revisions"}],"predecessor-version":[{"id":476,"href":"https:\/\/echtroper-sv-1992.de\/index.php?rest_route=\/wp\/v2\/pages\/421\/revisions\/476"}],"wp:attachment":[{"href":"https:\/\/echtroper-sv-1992.de\/index.php?rest_route=%2Fwp%2Fv2%2Fmedia&parent=421"}],"curies":[{"name":"wp","href":"https:\/\/api.w.org\/{rel}","templated":true}]}}