{"id":36,"date":"2018-12-02T16:47:07","date_gmt":"2018-12-02T16:47:07","guid":{"rendered":"http:\/\/echtroper-sv-1992.de\/?page_id=36"},"modified":"2026-01-16T17:56:50","modified_gmt":"2026-01-16T16:56:50","slug":"mitgliedschaft","status":"publish","type":"page","link":"https:\/\/echtroper-sv-1992.de\/?page_id=36","title":{"rendered":"Mitgliedschaft"},"content":{"rendered":"<p>Wir freuen uns \u00fcber jedes neues Mitglied. Wenn ihr dazugeh\u00f6ren m\u00f6chtet, f\u00fcllt unseren Aufnahmeantrag aus und wendet euch an unseren Vorstand.<\/p>\n<p>Anbei findet ihr unser Aufnahmeformular und Informationen zur DSGVO:<\/p>\n<p><a href=\"http:\/\/echtroper-sv-1992.de\/wp-content\/uploads\/2026\/01\/Aufnahmeantrag.pdf\">Aufnahmeantrag<\/a><\/p>\n<p><a href=\"http:\/\/echtroper-sv-1992.de\/wp-content\/uploads\/2019\/03\/InformationspflichtenDSGVO.pdf\">InformationspflichtenDSGVO<\/a><\/p>\n<p><strong>Hinweis:<\/strong> F\u00fcr eine optimale Darstellung dieser Formulare ben\u00f6tigt ihr einen PDF-Reader, zum Beispiel den kostenlosen &#8222;Adobe Acrobat Reader&#8220;.<\/p>\n","protected":false},"excerpt":{"rendered":"<p>Wir freuen uns \u00fcber jedes neues Mitglied. Wenn ihr dazugeh\u00f6ren m\u00f6chtet, f\u00fcllt unseren Aufnahmeantrag aus und wendet euch an unseren Vorstand. Anbei findet ihr unser Aufnahmeformular und Informationen zur DSGVO: Aufnahmeantrag InformationspflichtenDSGVO Hinweis: F\u00fcr eine optimale Darstellung dieser Formulare ben\u00f6tigt ihr einen PDF-Reader, zum Beispiel den kostenlosen &#8222;Adobe Acrobat Reader&#8220;.<\/p>\n","protected":false},"author":1,"featured_media":0,"parent":0,"menu_order":0,"comment_status":"closed","ping_status":"closed","template":"","meta":{"ngg_post_thumbnail":0,"footnotes":""},"class_list":["post-36","page","type-page","status-publish","hentry"],"_links":{"self":[{"href":"https:\/\/echtroper-sv-1992.de\/index.php?rest_route=\/wp\/v2\/pages\/36","targetHints":{"allow":["GET"]}}],"collection":[{"href":"https:\/\/echtroper-sv-1992.de\/index.php?rest_route=\/wp\/v2\/pages"}],"about":[{"href":"https:\/\/echtroper-sv-1992.de\/index.php?rest_route=\/wp\/v2\/types\/page"}],"author":[{"embeddable":true,"href":"https:\/\/echtroper-sv-1992.de\/index.php?rest_route=\/wp\/v2\/users\/1"}],"replies":[{"embeddable":true,"href":"https:\/\/echtroper-sv-1992.de\/index.php?rest_route=%2Fwp%2Fv2%2Fcomments&post=36"}],"version-history":[{"count":11,"href":"https:\/\/echtroper-sv-1992.de\/index.php?rest_route=\/wp\/v2\/pages\/36\/revisions"}],"predecessor-version":[{"id":438,"href":"https:\/\/echtroper-sv-1992.de\/index.php?rest_route=\/wp\/v2\/pages\/36\/revisions\/438"}],"wp:attachment":[{"href":"https:\/\/echtroper-sv-1992.de\/index.php?rest_route=%2Fwp%2Fv2%2Fmedia&parent=36"}],"curies":[{"name":"wp","href":"https:\/\/api.w.org\/{rel}","templated":true}]}}