{"id":225,"date":"2020-03-04T21:34:49","date_gmt":"2020-03-04T20:34:49","guid":{"rendered":"http:\/\/echtroper-sv-1992.de\/?page_id=225"},"modified":"2022-04-27T09:06:44","modified_gmt":"2022-04-27T07:06:44","slug":"aus-dem-soester-anzeiger-vom-11-01-16","status":"publish","type":"page","link":"https:\/\/echtroper-sv-1992.de\/?page_id=225","title":{"rendered":"Aus dem Soester Anzeiger vom 11.01.16"},"content":{"rendered":"<p><b><span style=\"margin: 0px; color: #224d7b; font-family: 'Times New Roman','serif'; font-size: 24pt;\">Training mit Fl\u00fcchtlingen&nbsp;klappt beim Echtroper SV gut<\/span><\/b><\/p>\n<p><span style=\"margin: 0px; color: #797a7d; font-family: 'Times New Roman','serif'; font-size: 10.5pt;\">11.01.16 17:25<\/span><\/p>\n<p>&nbsp;<\/p>\n<p><img loading=\"lazy\" decoding=\"async\" width=\"300\" height=\"169\" class=\"alignnone size-medium wp-image-219\" alt=\"\" src=\"http:\/\/echtroper-sv-1992.de\/wp-content\/uploads\/2020\/03\/304982681-ham_2omoebrueechtropsportlerjhv_jpg-vqzCATfNG-300x169.jpg\" srcset=\"https:\/\/echtroper-sv-1992.de\/wp-content\/uploads\/2020\/03\/304982681-ham_2omoebrueechtropsportlerjhv_jpg-vqzCATfNG-300x169.jpg 300w, https:\/\/echtroper-sv-1992.de\/wp-content\/uploads\/2020\/03\/304982681-ham_2omoebrueechtropsportlerjhv_jpg-vqzCATfNG-768x432.jpg 768w, https:\/\/echtroper-sv-1992.de\/wp-content\/uploads\/2020\/03\/304982681-ham_2omoebrueechtropsportlerjhv_jpg-vqzCATfNG.jpg 1000w\" sizes=\"auto, (max-width: 300px) 100vw, 300px\" \/><\/p>\n<p><span style=\"margin: 0px; color: #666666; font-family: 'Times New Roman','serif'; font-size: 12pt; display: none;\">\u00a9&nbsp;Br\u00fcggestra\u00dfe<\/span><\/p>\n<p><span style=\"margin: 0px; color: #666666; font-family: 'Times New Roman','serif'; font-size: 10.5pt;\">Olaf Rauh (rechts) bleibt Vorsitzender der Echtroper Sportler und pr\u00e4sentierte nach der Versammlung sein Vorstandsteam (von links): Gabi Michaelis, Christiane Schr\u00f6der, Ulrike Trobe, Cornelia Eickhoff, die verabschiedete Kassiererin Ulrike Beckschwarte, Rainer Michaelis, Ehrenvorsitzender Reinhard Langenhorst und Nicole Glaremin.<\/span><\/p>\n<p><span style=\"margin: 0px; color: #666666; font-family: 'Times New Roman','serif'; font-size: 10.5pt;\">\u00a9&nbsp;Br\u00fcggestra\u00dfe<\/span><\/p>\n<p><span style=\"margin: 0px; color: #666666; font-family: 'Times New Roman','serif'; font-size: 10.5pt;\">&nbsp;<\/span><span style=\"margin: 0px; color: #666666; font-family: 'Times New Roman','serif'; font-size: 13pt;\">Echtrop &#8211; Der Sport als Motor zur Integration: Das funktioniert, wie sich in der Jahreshauptversammlung des Echtroper SV zeigte. Das gemeinsame Training mit den Bewohnern der Zentralen Unterbringungseinrichtung klappe sehr gut, so der ESV-Vorsitzende Olaf Rauh.<\/span><\/p>\n<p><span style=\"margin: 0px; color: #666666; font-family: 'Times New Roman','serif'; font-size: 13pt;\">&nbsp;\u201eDas ist hier eine religionsfreie Zone: Wem das nicht passt, der braucht nicht mitzumachen\u201c, so beschreibt Olaf Rauh, was er beim ersten gemischten Trainingsabend gesagt habe &#8211; beim ersten Training f\u00fcr die Echtroper Freizeitkicker und Fl\u00fcchtlinge, die in der ehemaligen Kaserne untergekommen sind.<\/span><\/p>\n<p><span style=\"margin: 0px; color: #666666; font-family: 'Times New Roman','serif'; font-size: 13pt;\">Rauh berichtete weiter: \u201eDie \u00dcbersetzer haben das an die G\u00e4ste weitergegeben, die haben sich in den Kreis gesetzt, und dann war erst einmal f\u00fcnf Minuten Stille \u2013 gar nichts. Aber gegangen ist keiner \u2013 und dann haben wir zusammen Fu\u00dfball gespielt.\u201c<\/span><\/p>\n<p><span style=\"margin: 0px; color: #666666; font-family: 'Times New Roman','serif'; font-size: 13pt;\">F\u00fcr Rauh, der jetzt bei der Jahreshauptversammlung als Vorsitzender des Echtroper Sportvereins best\u00e4tigt wurde, war das ein Erlebnis, das ihn beeindruckte. Dieses \u201eSiehste wohl, Religion ist nicht alles, und der Ball ist rund!\u201c, das schwingt irgendwie mit.<\/span><\/p>\n<p><span style=\"margin: 0px; color: #666666; font-family: 'Times New Roman','serif'; font-size: 13pt;\">Das so f\u00fcr die Zeitung formulieren, nein, das will er dann doch nicht. Ist ja vielleicht wieder politisch nicht ganz korrekt. Und dann sind sie wieder die \u201eB\u00f6sen\u201c, die Echtroper, wo sie doch so kritisch waren mit der Erstaufnahmeeinrichtung.<\/span><\/p>\n<p><span style=\"margin: 0px; color: #666666; font-family: 'Times New Roman','serif'; font-size: 13pt;\">\u201eWir setzen die sportliche Zusammenarbeit weiter fort\u201c, sagte Rauh dem Anzeiger im Gespr\u00e4ch nach der Versammlung: \u201eSeit November spielen Gro\u00dfe und Kleine aus der Kaserne mit, wenn wir in der Sporthalle Training haben. Das l\u00e4uft ganz erfolgreich.\u201c<\/span><\/p>\n<p><span style=\"margin: 0px; color: #666666; font-family: 'Times New Roman','serif'; font-size: 13pt;\">Wenn hier vor Ort Turniere stattfinden, dann sollen da auch Spieler aus der Erstaufnahme mit dabei sein und mitspielen, ruhig auch mit eigenen Mannschaften. Die Menschen aus der ZUE seien zwar immer nur eine gewisse Zeit hier, so Rauh, \u201eaber warum soll man in der Zeit nicht was zusammen machen, zusammen Spa\u00df am Sport haben?\u201c<\/span><\/p>\n<p><span style=\"margin: 0px; color: #666666; font-family: 'Times New Roman','serif'; font-size: 13pt;\">Zu den Formalien: Berichte, Kassenpr\u00fcfung, Wahlen \u2013 alles wurde flott durchgewunken. Rauh bleibt Chef der Freizeitsportler, die bisherige Schriftf\u00fchrerin Christiane Schr\u00f6der l\u00f6st Ulrike Beckschwarte als Kassiererin ab. Neue Schriftf\u00fchrerin ist jetzt Ulrike Trobe. Gabi Michaelis bleibt als Spartenleiterin der Damen im Amt, und Ehemann Rainer muss ran: Er ist jetzt Kassenpr\u00fcfer. Ansonsten starten so langsam bereits die Planungen f\u00fcr das 25-j\u00e4hrige Vereinsjubil\u00e4um in 2017.<\/span><\/p>\n","protected":false},"excerpt":{"rendered":"<p>Training mit Fl\u00fcchtlingen&nbsp;klappt beim Echtroper SV gut 11.01.16 17:25 &nbsp; \u00a9&nbsp;Br\u00fcggestra\u00dfe Olaf Rauh (rechts) bleibt Vorsitzender der Echtroper Sportler und pr\u00e4sentierte nach der Versammlung sein Vorstandsteam (von links): Gabi Michaelis, Christiane Schr\u00f6der, Ulrike Trobe, Cornelia Eickhoff, die verabschiedete Kassiererin Ulrike Beckschwarte, Rainer Michaelis, Ehrenvorsitzender Reinhard Langenhorst und Nicole Glaremin. \u00a9&nbsp;Br\u00fcggestra\u00dfe &nbsp;Echtrop &#8211; Der Sport als &hellip; <a href=\"https:\/\/echtroper-sv-1992.de\/?page_id=225\" class=\"more-link\"><span class=\"screen-reader-text\">Aus dem Soester Anzeiger vom 11.01.16<\/span> weiterlesen<\/a><\/p>\n","protected":false},"author":1,"featured_media":0,"parent":34,"menu_order":4,"comment_status":"closed","ping_status":"closed","template":"","meta":{"ngg_post_thumbnail":0,"footnotes":""},"class_list":["post-225","page","type-page","status-publish","hentry"],"_links":{"self":[{"href":"https:\/\/echtroper-sv-1992.de\/index.php?rest_route=\/wp\/v2\/pages\/225","targetHints":{"allow":["GET"]}}],"collection":[{"href":"https:\/\/echtroper-sv-1992.de\/index.php?rest_route=\/wp\/v2\/pages"}],"about":[{"href":"https:\/\/echtroper-sv-1992.de\/index.php?rest_route=\/wp\/v2\/types\/page"}],"author":[{"embeddable":true,"href":"https:\/\/echtroper-sv-1992.de\/index.php?rest_route=\/wp\/v2\/users\/1"}],"replies":[{"embeddable":true,"href":"https:\/\/echtroper-sv-1992.de\/index.php?rest_route=%2Fwp%2Fv2%2Fcomments&post=225"}],"version-history":[{"count":1,"href":"https:\/\/echtroper-sv-1992.de\/index.php?rest_route=\/wp\/v2\/pages\/225\/revisions"}],"predecessor-version":[{"id":226,"href":"https:\/\/echtroper-sv-1992.de\/index.php?rest_route=\/wp\/v2\/pages\/225\/revisions\/226"}],"up":[{"embeddable":true,"href":"https:\/\/echtroper-sv-1992.de\/index.php?rest_route=\/wp\/v2\/pages\/34"}],"wp:attachment":[{"href":"https:\/\/echtroper-sv-1992.de\/index.php?rest_route=%2Fwp%2Fv2%2Fmedia&parent=225"}],"curies":[{"name":"wp","href":"https:\/\/api.w.org\/{rel}","templated":true}]}}